{"id":152,"date":"2023-03-14T18:17:19","date_gmt":"2023-03-15T00:17:19","guid":{"rendered":"https:\/\/avilavera.com\/?page_id=152"},"modified":"2024-02-04T21:21:17","modified_gmt":"2024-02-05T03:21:17","slug":"nuestras-publicaciones","status":"publish","type":"page","link":"https:\/\/avilavera.com\/index.php\/nuestras-publicaciones\/","title":{"rendered":"Nuestras publicaciones"},"content":{"rendered":"<p>[et_pb_section fb_built=\u00bb1&#8243; admin_label=\u00bbHeader\u00bb _builder_version=\u00bb4.16&#8243; custom_padding=\u00bb||2px|||\u00bb global_colors_info=\u00bb{}\u00bb][et_pb_row _builder_version=\u00bb4.16&#8243; global_colors_info=\u00bb{}\u00bb][et_pb_column type=\u00bb4_4&#8243; _builder_version=\u00bb4.16&#8243; custom_padding=\u00bb|||\u00bb global_colors_info=\u00bb{}\u00bb custom_padding__hover=\u00bb|||\u00bb][et_pb_text _builder_version=\u00bb4.20.0&#8243; text_font=\u00bb||||||||\u00bb header_font=\u00bbOutfit||||||||\u00bb header_font_size=\u00bb70px\u00bb header_line_height=\u00bb1.4em\u00bb text_orientation=\u00bbcenter\u00bb max_width=\u00bb700px\u00bb module_alignment=\u00bbcenter\u00bb header_font_size_tablet=\u00bb50px\u00bb header_font_size_phone=\u00bb32px\u00bb header_font_size_last_edited=\u00bbon|phone\u00bb global_colors_info=\u00bb{}\u00bb]<\/p>\n<h1><span>Conoce nuestras publicaciones<\/span><\/h1>\n<p><span>Aqu\u00ed encontrar\u00e1s las publicaciones m\u00e1s recientes con respecto a diversos temas que podr\u00edan ser de tu inter\u00e9s<\/span><\/p>\n<p>[\/et_pb_text][\/et_pb_column][\/et_pb_row][et_pb_row _builder_version=\u00bb4.20.0&#8243; _module_preset=\u00bbdefault\u00bb locked=\u00bboff\u00bb global_colors_info=\u00bb{}\u00bb][et_pb_column type=\u00bb4_4&#8243; _builder_version=\u00bb4.20.0&#8243; _module_preset=\u00bbdefault\u00bb global_colors_info=\u00bb{}\u00bb][et_pb_text _builder_version=\u00bb4.20.0&#8243; _module_preset=\u00bbdefault\u00bb text_font=\u00bbOutfit||||||||\u00bb header_font=\u00bbOutfit||||||||\u00bb header_text_color=\u00bb#13476c\u00bb header_font_size=\u00bb50px\u00bb global_colors_info=\u00bb{}\u00bb]<\/p>\n<h2 style=\"text-align: center;\"><span>Descubre lo que hemos compartido<\/span><\/h2>\n<p>[\/et_pb_text][et_pb_search exclude_pages=\u00bbon\u00bb placeholder=\u00bbIngresa tu b\u00fasqueda\u00bb button_color=\u00bb#123a57&#8243; placeholder_color_last_edited=\u00bboff|desktop\u00bb _builder_version=\u00bb4.20.0&#8243; _module_preset=\u00bbdefault\u00bb form_field_background_color=\u00bb#ffffff\u00bb button_font=\u00bbOutfit|700|||||||\u00bb button_text_color=\u00bb#ffffff\u00bb button_font_size=\u00bb18px\u00bb form_field_font=\u00bbMontserrat||||||||\u00bb form_field_font_size=\u00bb20px\u00bb background_enable_color=\u00bboff\u00bb width=\u00bb100%\u00bb max_width=\u00bb600px\u00bb module_alignment=\u00bbcenter\u00bb border_radii=\u00bbon|8px|8px|8px|8px\u00bb border_width_all=\u00bb4px\u00bb border_color_all=\u00bbgcid-03c74359-a7df-44dd-b105-68cd6172e99b\u00bb global_colors_info=\u00bb{%22gcid-03c74359-a7df-44dd-b105-68cd6172e99b%22:%91%22border_color_all%22%93}\u00bb][\/et_pb_search][\/et_pb_column][\/et_pb_row][\/et_pb_section][et_pb_section fb_built=\u00bb1&#8243; custom_padding_last_edited=\u00bbon|phone\u00bb admin_label=\u00bbFeatured Posts\u00bb _builder_version=\u00bb4.16&#8243; custom_padding=\u00bb|10%||10%||true\u00bb custom_padding_tablet=\u00bb|20px||20px||true\u00bb custom_padding_phone=\u00bb|0px||0px||true\u00bb global_colors_info=\u00bb{}\u00bb][et_pb_row custom_padding_last_edited=\u00bbon|desktop\u00bb _builder_version=\u00bb4.16&#8243; width=\u00bb100%\u00bb max_width=\u00bb100%\u00bb custom_margin=\u00bb|||\u00bb custom_padding=\u00bb30px|30px|30px|30px|true|true\u00bb custom_padding_tablet=\u00bb0px|20px|20px|20px||true\u00bb custom_padding_phone=\u00bb\u00bb border_width_all=\u00bb8px\u00bb border_color_all=\u00bbrgba(115,39,39,0.06)\u00bb use_custom_width=\u00bbon\u00bb width_unit=\u00bboff\u00bb custom_width_percent=\u00bb100%\u00bb global_colors_info=\u00bb{}\u00bb][et_pb_column type=\u00bb4_4&#8243; _builder_version=\u00bb4.16&#8243; custom_padding=\u00bb|||\u00bb custom_padding_tablet=\u00bb|20px||20px\u00bb global_colors_info=\u00bb{}\u00bb padding_tablet=\u00bb|20px||20px\u00bb custom_padding__hover=\u00bb|||\u00bb][et_pb_post_slider use_manual_excerpt=\u00bboff\u00bb show_meta=\u00bboff\u00bb bg_overlay_color=\u00bbrgba(0,0,0,0.66)\u00bb _builder_version=\u00bb4.20.0&#8243; body_font_size=\u00bb28px\u00bb body_line_height=\u00bb1.8em\u00bb background_enable_color=\u00bboff\u00bb custom_button=\u00bbon\u00bb button_bg_color=\u00bb#123a57&#8243; button_border_color=\u00bb#0C71C3&#8243; button_border_radius=\u00bb43px\u00bb hover_enabled=\u00bb0&#8243; global_colors_info=\u00bb{}\u00bb button_text_size__hover_enabled=\u00bboff\u00bb button_one_text_size__hover_enabled=\u00bboff\u00bb button_two_text_size__hover_enabled=\u00bboff\u00bb button_text_color__hover_enabled=\u00bboff\u00bb button_one_text_color__hover_enabled=\u00bboff\u00bb button_two_text_color__hover_enabled=\u00bboff\u00bb button_border_width__hover_enabled=\u00bboff\u00bb button_one_border_width__hover_enabled=\u00bboff\u00bb button_two_border_width__hover_enabled=\u00bboff\u00bb button_border_color__hover_enabled=\u00bboff\u00bb button_one_border_color__hover_enabled=\u00bboff\u00bb button_two_border_color__hover_enabled=\u00bboff\u00bb button_border_radius__hover_enabled=\u00bboff\u00bb button_one_border_radius__hover_enabled=\u00bboff\u00bb button_two_border_radius__hover_enabled=\u00bboff\u00bb button_letter_spacing__hover_enabled=\u00bboff\u00bb button_one_letter_spacing__hover_enabled=\u00bboff\u00bb button_two_letter_spacing__hover_enabled=\u00bboff\u00bb button_bg_color__hover_enabled=\u00bboff\u00bb button_one_bg_color__hover_enabled=\u00bboff\u00bb button_two_bg_color__hover_enabled=\u00bboff\u00bb excerpt_length=\u00bb0&#8243; sticky_enabled=\u00bb0&#8243;][\/et_pb_post_slider][\/et_pb_column][\/et_pb_row][\/et_pb_section][et_pb_section fb_built=\u00bb1&#8243; admin_label=\u00bbBlog\u00bb _builder_version=\u00bb4.16&#8243; global_colors_info=\u00bb{}\u00bb][et_pb_row _builder_version=\u00bb4.16&#8243; global_colors_info=\u00bb{}\u00bb][et_pb_column type=\u00bb4_4&#8243; _builder_version=\u00bb4.16&#8243; custom_padding=\u00bb|||\u00bb global_colors_info=\u00bb{}\u00bb custom_padding__hover=\u00bb|||\u00bb][et_pb_blog fullwidth=\u00bboff\u00bb posts_number=\u00bb6&#8243; include_categories=\u00bb69,71&#8243; show_categories=\u00bboff\u00bb _builder_version=\u00bb4.20.0&#8243; header_font=\u00bbFrank Ruhl Libre||||||||\u00bb header_font_size=\u00bb22px\u00bb header_line_height=\u00bb1.8em\u00bb body_font=\u00bb||||||||\u00bb body_line_height=\u00bb1.8em\u00bb meta_font=\u00bb||||||||\u00bb meta_line_height=\u00bb1.8em\u00bb pagination_font=\u00bb|700|||||||\u00bb pagination_text_color=\u00bbgcid-03c74359-a7df-44dd-b105-68cd6172e99b\u00bb pagination_font_size=\u00bb18px\u00bb pagination_line_height=\u00bb1.8em\u00bb border_width_all=\u00bb0px\u00bb box_shadow_style=\u00bbpreset3&#8243; box_shadow_vertical=\u00bb24px\u00bb box_shadow_blur=\u00bb75px\u00bb box_shadow_spread=\u00bb-25px\u00bb global_colors_info=\u00bb{%22gcid-03c74359-a7df-44dd-b105-68cd6172e99b%22:%91%22pagination_text_color%22%93}\u00bb][\/et_pb_blog][\/et_pb_column][\/et_pb_row][\/et_pb_section]<\/p>\n","protected":false},"excerpt":{"rendered":"<p>Conoce nuestras publicaciones Aqu\u00ed encontrar\u00e1s las publicaciones m\u00e1s recientes con respecto a diversos temas que podr\u00edan ser de tu inter\u00e9sDescubre lo que hemos compartido<\/p>\n","protected":false},"author":1,"featured_media":0,"parent":0,"menu_order":0,"comment_status":"closed","ping_status":"closed","template":"","meta":{"_et_pb_use_builder":"on","_et_pb_old_content":"","_et_gb_content_width":"","footnotes":""},"class_list":["post-152","page","type-page","status-publish","hentry"],"aioseo_notices":[],"jetpack_sharing_enabled":true,"jetpack_likes_enabled":false,"_links":{"self":[{"href":"https:\/\/avilavera.com\/index.php\/wp-json\/wp\/v2\/pages\/152","targetHints":{"allow":["GET"]}}],"collection":[{"href":"https:\/\/avilavera.com\/index.php\/wp-json\/wp\/v2\/pages"}],"about":[{"href":"https:\/\/avilavera.com\/index.php\/wp-json\/wp\/v2\/types\/page"}],"author":[{"embeddable":true,"href":"https:\/\/avilavera.com\/index.php\/wp-json\/wp\/v2\/users\/1"}],"replies":[{"embeddable":true,"href":"https:\/\/avilavera.com\/index.php\/wp-json\/wp\/v2\/comments?post=152"}],"version-history":[{"count":10,"href":"https:\/\/avilavera.com\/index.php\/wp-json\/wp\/v2\/pages\/152\/revisions"}],"predecessor-version":[{"id":601,"href":"https:\/\/avilavera.com\/index.php\/wp-json\/wp\/v2\/pages\/152\/revisions\/601"}],"wp:attachment":[{"href":"https:\/\/avilavera.com\/index.php\/wp-json\/wp\/v2\/media?parent=152"}],"curies":[{"name":"wp","href":"https:\/\/api.w.org\/{rel}","templated":true}]}}