{"id":143,"date":"2023-03-12T23:01:36","date_gmt":"2023-03-13T05:01:36","guid":{"rendered":"https:\/\/avilavera.com\/?page_id=143"},"modified":"2025-08-02T22:56:48","modified_gmt":"2025-08-03T04:56:48","slug":"asesoria-legal","status":"publish","type":"page","link":"https:\/\/avilavera.com\/index.php\/asesoria-legal\/","title":{"rendered":"Asesor\u00eda legal"},"content":{"rendered":"<p>[et_pb_section fb_built=\u00bb1&#8243; admin_label=\u00bbHeader\u00bb _builder_version=\u00bb4.20.0&#8243; _module_preset=\u00bbdefault\u00bb use_background_color_gradient=\u00bbon\u00bb background_color_gradient_direction=\u00bb90deg\u00bb background_color_gradient_stops=\u00bb#ffffff 60%|#123a57 60%\u00bb background_color_gradient_start=\u00bb#ffffff\u00bb background_color_gradient_start_position=\u00bb60%\u00bb background_color_gradient_end=\u00bb#4c594c\u00bb background_color_gradient_end_position=\u00bb60%\u00bb background_last_edited=\u00bbon|tablet\u00bb use_background_color_gradient_tablet=\u00bbon\u00bb background_color_gradient_stops_tablet=\u00bb#ffffff 93%|#123a57 93%\u00bb background_color_gradient_start_position_tablet=\u00bb95%\u00bb background_color_gradient_end_position_tablet=\u00bb95%\u00bb collapsed=\u00bbon\u00bb global_colors_info=\u00bb{}\u00bb][et_pb_row column_structure=\u00bb1_2,1_2&#8243; _builder_version=\u00bb4.16&#8243; _module_preset=\u00bbdefault\u00bb custom_padding=\u00bb||0px|||\u00bb global_colors_info=\u00bb{}\u00bb][et_pb_column type=\u00bb1_2&#8243; _builder_version=\u00bb4.16&#8243; _module_preset=\u00bbdefault\u00bb global_colors_info=\u00bb{}\u00bb][et_pb_text _builder_version=\u00bb4.20.0&#8243; _module_preset=\u00bbe598b17a-9229-42f6-b238-019d6094332e\u00bb header_font=\u00bbOutfit|600|||||||\u00bb header_text_color=\u00bb#000000&#8243; header_font_size=\u00bb72px\u00bb header_line_height=\u00bb1.1em\u00bb custom_margin=\u00bb||0px||false|false\u00bb header_font_size_tablet=\u00bb40px\u00bb header_font_size_phone=\u00bb50px\u00bb header_font_size_last_edited=\u00bbon|phone\u00bb locked=\u00bboff\u00bb global_colors_info=\u00bb{}\u00bb]<\/p>\n<h1>Asesor\u00eda Legal<\/h1>\n<p>[\/et_pb_text][\/et_pb_column][et_pb_column type=\u00bb1_2&#8243; _builder_version=\u00bb4.16&#8243; _module_preset=\u00bbdefault\u00bb global_colors_info=\u00bb{}\u00bb][\/et_pb_column][\/et_pb_row][et_pb_row column_structure=\u00bb1_2,1_2&#8243; _builder_version=\u00bb4.16&#8243; _module_preset=\u00bbdefault\u00bb custom_padding=\u00bb0px|||||\u00bb global_colors_info=\u00bb{}\u00bb][et_pb_column type=\u00bb1_2&#8243; _builder_version=\u00bb4.16&#8243; _module_preset=\u00bbdefault\u00bb global_colors_info=\u00bb{}\u00bb][et_pb_text _builder_version=\u00bb4.20.0&#8243; _module_preset=\u00bbbc6cae60-9fd0-48b3-a032-f2876734c2dd\u00bb text_font=\u00bb||||||||\u00bb text_font_size=\u00bb18px\u00bb text_line_height=\u00bb1.8em\u00bb text_font_size_tablet=\u00bb16px\u00bb text_font_size_phone=\u00bb14px\u00bb text_font_size_last_edited=\u00bbon|phone\u00bb locked=\u00bboff\u00bb global_colors_info=\u00bb{}\u00bb]<\/p>\n<p><span>Nuestros servicios son limitados a:<\/span><\/p>\n<ul>\n<li><span> Demandas laborales.<\/span><\/li>\n<li><span>Representaci\u00f3n legal.<\/span><\/li>\n<li><span>Cr\u00e9ditos Fiscales.<\/span><\/li>\n<li><span>Elaboraci\u00f3n de contratos laborales.<\/span><\/li>\n<\/ul>\n<p>[\/et_pb_text][et_pb_button button_url=\u00bb@ET-DC@eyJkeW5hbWljIjp0cnVlLCJjb250ZW50IjoicG9zdF9saW5rX3VybF9wYWdlIiwic2V0dGluZ3MiOnsicG9zdF9pZCI6IjM5MiJ9fQ==@\u00bb button_text=\u00bbConocer m\u00e1s sobre nosotros\u00bb button_alignment=\u00bbcenter\u00bb _builder_version=\u00bb4.20.0&#8243; _dynamic_attributes=\u00bbbutton_url\u00bb _module_preset=\u00bbdefault\u00bb custom_button=\u00bbon\u00bb button_text_size=\u00bb20px\u00bb button_bg_color=\u00bb#2e678f\u00bb button_border_width=\u00bb0px\u00bb button_border_radius=\u00bb10px\u00bb button_icon=\u00bb&#x35;||divi||400&#8243; button_icon_color=\u00bb#FFFFFF\u00bb background_layout=\u00bbdark\u00bb box_shadow_style=\u00bbpreset2&#8243; locked=\u00bboff\u00bb global_colors_info=\u00bb{}\u00bb][\/et_pb_button][\/et_pb_column][et_pb_column type=\u00bb1_2&#8243; _builder_version=\u00bb4.16&#8243; _module_preset=\u00bbdefault\u00bb global_colors_info=\u00bb{}\u00bb][et_pb_image src=\u00bbhttps:\/\/avilavera.com\/wp-content\/uploads\/2023\/09\/buho-1.png\u00bb title_text=\u00bbbuho (1)\u00bb _builder_version=\u00bb4.20.0&#8243; _module_preset=\u00bbdefault\u00bb width=\u00bb70%\u00bb global_colors_info=\u00bb{}\u00bb][\/et_pb_image][\/et_pb_column][\/et_pb_row][\/et_pb_section][et_pb_section fb_built=\u00bb1&#8243; _builder_version=\u00bb4.20.0&#8243; _module_preset=\u00bbdefault\u00bb use_background_color_gradient=\u00bbon\u00bb background_color_gradient_direction=\u00bb90deg\u00bb background_color_gradient_stops=\u00bb#13476c 10%|rgba(216,216,216,0) 10%\u00bb background_last_edited=\u00bbon|tablet\u00bb use_background_color_gradient_tablet=\u00bbon\u00bb background_color_gradient_stops_tablet=\u00bb#13476c 5%|rgba(216,216,216,0) 5%\u00bb collapsed=\u00bbon\u00bb global_colors_info=\u00bb{}\u00bb][et_pb_row _builder_version=\u00bb4.20.0&#8243; _module_preset=\u00bbdefault\u00bb global_colors_info=\u00bb{}\u00bb][et_pb_column type=\u00bb4_4&#8243; _builder_version=\u00bb4.20.0&#8243; _module_preset=\u00bbdefault\u00bb global_colors_info=\u00bb{}\u00bb][et_pb_text _builder_version=\u00bb4.20.0&#8243; _module_preset=\u00bbdefault\u00bb header_font=\u00bbOutfit|600|||||||\u00bb header_text_color=\u00bb#000000&#8243; header_font_size=\u00bb72px\u00bb header_line_height=\u00bb1.1em\u00bb header_2_font=\u00bbOutfit|600|||||||\u00bb header_2_font_size=\u00bb40px\u00bb header_font_size_tablet=\u00bb40px\u00bb header_font_size_phone=\u00bb24px\u00bb header_font_size_last_edited=\u00bbon|phone\u00bb global_colors_info=\u00bb{}\u00bb]<\/p>\n<h2>Esto es en lo que podemos ayudarte<\/h2>\n<p>[\/et_pb_text][\/et_pb_column][\/et_pb_row][et_pb_row column_structure=\u00bb1_2,1_2&#8243; _builder_version=\u00bb4.20.0&#8243; _module_preset=\u00bbdefault\u00bb global_colors_info=\u00bb{}\u00bb][et_pb_column type=\u00bb1_2&#8243; _builder_version=\u00bb4.20.0&#8243; _module_preset=\u00bbdefault\u00bb global_colors_info=\u00bb{}\u00bb][et_pb_accordion _builder_version=\u00bb4.27.4&#8243; _module_preset=\u00bbdefault\u00bb hover_enabled=\u00bb0&#8243; global_colors_info=\u00bb{}\u00bb sticky_enabled=\u00bb0&#8243;][et_pb_accordion_item title=\u00bbElaboraci\u00f3n de contratos laborales\u00bb open=\u00bbon\u00bb open_toggle_text_color=\u00bb#123A57&#8243; toggle_icon=\u00bb&#x33;||divi||400&#8243; use_icon_font_size=\u00bbon\u00bb icon_font_size=\u00bb20px\u00bb _builder_version=\u00bb4.27.4&#8243; _module_preset=\u00bbdefault\u00bb hover_enabled=\u00bb0&#8243; custom_css_before=\u00bbcontent:\u00bb;||background-image:url(%22https:\/\/avilavera.com\/wp-content\/uploads\/2023\/03\/001-proyecto-de-ley.png%22);||display: flex;||margin: auto;||height: 80px;||width: 80px;||left: 0;||background-size: 80px 80px;||position: relative;||\u00bb custom_css_toggle_title=\u00bb||margin-left: 40px;\u00bb custom_css_toggle_icon=\u00bbdisplay:none;\u00bb global_colors_info=\u00bb{}\u00bb toggle_font=\u00bbOutfit||||||||\u00bb toggle_text_align=\u00bbcenter\u00bb toggle_font_size=\u00bb26px\u00bb toggle_line_height=\u00bb1.8em\u00bb sticky_enabled=\u00bb0&#8243;]<\/p>\n<p style=\"text-align: justify;\"><span>Este dictamen es para que el empresario conozca si su contador esta realizando un buen trabajo, hacer las sugerencias necesarias siempre apoyando al empresario por medio de su contador, as\u00ed mismo sabr\u00edamos si se dedujeron facturas de proveedores que esta en la lista del articulo 69-B del CFF.<\/span><\/p>\n<p>[\/et_pb_accordion_item][et_pb_accordion_item title=\u00bbRepresentaci\u00f3n legal\u00bb open_toggle_text_color=\u00bb#123A57&#8243; toggle_icon=\u00bb&#x33;||divi||400&#8243; use_icon_font_size=\u00bbon\u00bb icon_font_size=\u00bb20px\u00bb _builder_version=\u00bb4.27.4&#8243; _module_preset=\u00bbdefault\u00bb hover_enabled=\u00bb0&#8243; custom_css_before=\u00bbcontent:\u00bb;||background-image:url(%22https:\/\/avilavera.com\/wp-content\/uploads\/2023\/03\/003-ley.png%22);||display: flex;||margin: auto;||height: 80px;||width: 80px;||left: 0;||background-size: 80px 80px;||position: relative;||\u00bb custom_css_toggle_title=\u00bb||margin-left: 40px;\u00bb custom_css_toggle_icon=\u00bbdisplay:none;\u00bb global_colors_info=\u00bb{}\u00bb toggle_font=\u00bbOutfit||||||||\u00bb toggle_text_align=\u00bbcenter\u00bb toggle_font_size=\u00bb26px\u00bb toggle_line_height=\u00bb1.8em\u00bb open=\u00bboff\u00bb sticky_enabled=\u00bb0&#8243;]<\/p>\n<p style=\"text-align: justify;\"><span>La representaci\u00f3n legal podr\u00eda ser ante las distintas autoridades fiscales como son: SAT, IMSS, INFONAVIT, STPS, etc.<\/span><\/p>\n<p>[\/et_pb_accordion_item][\/et_pb_accordion][\/et_pb_column][et_pb_column type=\u00bb1_2&#8243; _builder_version=\u00bb4.20.0&#8243; _module_preset=\u00bbdefault\u00bb global_colors_info=\u00bb{}\u00bb][et_pb_accordion _builder_version=\u00bb4.27.4&#8243; _module_preset=\u00bbdefault\u00bb hover_enabled=\u00bb0&#8243; global_colors_info=\u00bb{}\u00bb sticky_enabled=\u00bb0&#8243;][et_pb_accordion_item title=\u00bbCr\u00e9ditos fiscales\u00bb open=\u00bbon\u00bb open_toggle_text_color=\u00bb#123A57&#8243; toggle_icon=\u00bb&#x33;||divi||400&#8243; use_icon_font_size=\u00bbon\u00bb icon_font_size=\u00bb20px\u00bb _builder_version=\u00bb4.27.4&#8243; _module_preset=\u00bbdefault\u00bb hover_enabled=\u00bb0&#8243; custom_css_before=\u00bbcontent:\u00bb;||background-image:url(%22https:\/\/avilavera.com\/wp-content\/uploads\/2023\/03\/002-calcular.png%22);||display: flex;||margin: auto;||height: 80px;||width: 80px;||left: 0;||background-size: 80px 80px;||position: relative;||\u00bb custom_css_toggle_title=\u00bb||margin-left: 40px;\u00bb custom_css_toggle_icon=\u00bbdisplay:none;\u00bb global_colors_info=\u00bb{}\u00bb toggle_font=\u00bbOutfit||||||||\u00bb toggle_text_align=\u00bbcenter\u00bb toggle_font_size=\u00bb26px\u00bb toggle_line_height=\u00bb1.8em\u00bb sticky_enabled=\u00bb0&#8243;]<\/p>\n<p style=\"text-align: justify;\"><span>Se le apoya al contribuyente en la defensa de cr\u00e9ditos fiscales ante el Servicio de Administraci\u00f3n Tributaria cualquier tipo de requerimientos.<\/span><\/p>\n<p>[\/et_pb_accordion_item][et_pb_accordion_item title=\u00bbDemandas Laborales\u00bb open_toggle_text_color=\u00bb#123A57&#8243; toggle_icon=\u00bb&#x33;||divi||400&#8243; use_icon_font_size=\u00bbon\u00bb icon_font_size=\u00bb20px\u00bb _builder_version=\u00bb4.27.4&#8243; _module_preset=\u00bbdefault\u00bb hover_enabled=\u00bb0&#8243; custom_css_before=\u00bbcontent:\u00bb;||background-image:url(%22https:\/\/avilavera.com\/wp-content\/uploads\/2023\/03\/004-obediente.png%22);||display: flex;||margin: auto;||height: 80px;||width: 80px;||left: 0;||background-size: 80px 80px;||position: relative;||\u00bb custom_css_toggle_title=\u00bb||margin-left: 40px;\u00bb custom_css_toggle_icon=\u00bbdisplay:none;\u00bb global_colors_info=\u00bb{}\u00bb toggle_font=\u00bbOutfit||||||||\u00bb toggle_text_align=\u00bbcenter\u00bb toggle_font_size=\u00bb26px\u00bb toggle_line_height=\u00bb1.8em\u00bb open=\u00bboff\u00bb sticky_enabled=\u00bb0&#8243;]<\/p>\n<p style=\"text-align: justify;\"><span>Apoyamos al patr\u00f3n, a que se la pague al trabajador lo justo y no lo que el trabajador desea solicitar.<\/span><\/p>\n<p>[\/et_pb_accordion_item][\/et_pb_accordion][\/et_pb_column][\/et_pb_row][\/et_pb_section]<\/p>\n","protected":false},"excerpt":{"rendered":"<p>Asesor\u00eda LegalNuestros servicios son limitados a: Demandas laborales. Representaci\u00f3n legal. Cr\u00e9ditos Fiscales. Elaboraci\u00f3n de contratos laborales. Esto es en lo que podemos ayudarteEste dictamen es para que el empresario conozca si su contador esta realizando un buen trabajo, hacer las sugerencias necesarias siempre apoyando al empresario por medio de su contador, as\u00ed mismo sabr\u00edamos si [&hellip;]<\/p>\n","protected":false},"author":1,"featured_media":466,"parent":0,"menu_order":0,"comment_status":"closed","ping_status":"closed","template":"","meta":{"_et_pb_use_builder":"on","_et_pb_old_content":"","_et_gb_content_width":"","footnotes":""},"class_list":["post-143","page","type-page","status-publish","has-post-thumbnail","hentry"],"aioseo_notices":[],"jetpack_sharing_enabled":true,"jetpack_likes_enabled":false,"_links":{"self":[{"href":"https:\/\/avilavera.com\/index.php\/wp-json\/wp\/v2\/pages\/143","targetHints":{"allow":["GET"]}}],"collection":[{"href":"https:\/\/avilavera.com\/index.php\/wp-json\/wp\/v2\/pages"}],"about":[{"href":"https:\/\/avilavera.com\/index.php\/wp-json\/wp\/v2\/types\/page"}],"author":[{"embeddable":true,"href":"https:\/\/avilavera.com\/index.php\/wp-json\/wp\/v2\/users\/1"}],"replies":[{"embeddable":true,"href":"https:\/\/avilavera.com\/index.php\/wp-json\/wp\/v2\/comments?post=143"}],"version-history":[{"count":6,"href":"https:\/\/avilavera.com\/index.php\/wp-json\/wp\/v2\/pages\/143\/revisions"}],"predecessor-version":[{"id":1117,"href":"https:\/\/avilavera.com\/index.php\/wp-json\/wp\/v2\/pages\/143\/revisions\/1117"}],"wp:featuredmedia":[{"embeddable":true,"href":"https:\/\/avilavera.com\/index.php\/wp-json\/wp\/v2\/media\/466"}],"wp:attachment":[{"href":"https:\/\/avilavera.com\/index.php\/wp-json\/wp\/v2\/media?parent=143"}],"curies":[{"name":"wp","href":"https:\/\/api.w.org\/{rel}","templated":true}]}}