{"id":1153,"date":"2025-10-22T00:06:47","date_gmt":"2025-10-22T06:06:47","guid":{"rendered":"https:\/\/avilavera.com\/?page_id=1153"},"modified":"2025-10-30T16:51:53","modified_gmt":"2025-10-30T22:51:53","slug":"repse-y-siroc","status":"publish","type":"page","link":"https:\/\/avilavera.com\/index.php\/repse-y-siroc\/","title":{"rendered":"REPSE y SIROC"},"content":{"rendered":"<p>[et_pb_section fb_built=\u00bb1&#8243; admin_label=\u00bbHeader\u00bb _builder_version=\u00bb4.27.4&#8243; _module_preset=\u00bbdefault\u00bb use_background_color_gradient=\u00bbon\u00bb background_color_gradient_direction=\u00bb90deg\u00bb background_color_gradient_stops=\u00bb#ffffff 60%|#123a57 60%\u00bb background_color_gradient_start=\u00bb#ffffff\u00bb background_color_gradient_start_position=\u00bb60%\u00bb background_color_gradient_end=\u00bb#4c594c\u00bb background_color_gradient_end_position=\u00bb60%\u00bb background_last_edited=\u00bbon|tablet\u00bb use_background_color_gradient_tablet=\u00bbon\u00bb background_color_gradient_stops_tablet=\u00bb#ffffff 93%|#123a57 93%\u00bb background_color_gradient_start_position_tablet=\u00bb95%\u00bb background_color_gradient_end_position_tablet=\u00bb95%\u00bb collapsed=\u00bbon\u00bb global_colors_info=\u00bb{}\u00bb][et_pb_row column_structure=\u00bb1_2,1_2&#8243; _builder_version=\u00bb4.27.4&#8243; _module_preset=\u00bbdefault\u00bb custom_padding=\u00bb||0px|||\u00bb global_colors_info=\u00bb{}\u00bb][et_pb_column type=\u00bb1_2&#8243; _builder_version=\u00bb4.16&#8243; _module_preset=\u00bbdefault\u00bb global_colors_info=\u00bb{}\u00bb][et_pb_text _builder_version=\u00bb4.27.4&#8243; _module_preset=\u00bbe598b17a-9229-42f6-b238-019d6094332e\u00bb header_font=\u00bbOutfit|600|||||||\u00bb header_text_color=\u00bb#000000&#8243; header_font_size=\u00bb72px\u00bb header_line_height=\u00bb1.1em\u00bb width=\u00bb100%\u00bb custom_margin=\u00bb||0px||false|false\u00bb header_font_size_tablet=\u00bb40px\u00bb header_font_size_phone=\u00bb50px\u00bb header_font_size_last_edited=\u00bbon|phone\u00bb locked=\u00bboff\u00bb global_colors_info=\u00bb{}\u00bb]<\/p>\n<h1 _ngcontent-serverapp-c25=\"\">REPSE y SIROC<\/h1>\n<p>[\/et_pb_text][\/et_pb_column][et_pb_column type=\u00bb1_2&#8243; _builder_version=\u00bb4.16&#8243; _module_preset=\u00bbdefault\u00bb global_colors_info=\u00bb{}\u00bb][\/et_pb_column][\/et_pb_row][et_pb_row column_structure=\u00bb1_2,1_2&#8243; _builder_version=\u00bb4.16&#8243; _module_preset=\u00bbdefault\u00bb custom_padding=\u00bb0px|||||\u00bb global_colors_info=\u00bb{}\u00bb][et_pb_column type=\u00bb1_2&#8243; _builder_version=\u00bb4.16&#8243; _module_preset=\u00bbdefault\u00bb global_colors_info=\u00bb{}\u00bb][et_pb_text _builder_version=\u00bb4.27.4&#8243; _module_preset=\u00bbbc6cae60-9fd0-48b3-a032-f2876734c2dd\u00bb text_font=\u00bb||||||||\u00bb text_font_size=\u00bb18px\u00bb text_line_height=\u00bb1.8em\u00bb text_font_size_tablet=\u00bb16px\u00bb text_font_size_phone=\u00bb14px\u00bb text_font_size_last_edited=\u00bbon|phone\u00bb locked=\u00bboff\u00bb global_colors_info=\u00bb{}\u00bb]<\/p>\n<p style=\"text-align: justify;\">Nuestro servicio de <strong>REPSE<\/strong> (Registro de Prestadores de Servicios Especializados u Obras Especializadas) est\u00e1 enfocado en empresas que son subcontratadas para obra o servicio especializado, y la presentaci\u00f3n de las declaraciones informativas como son el <strong>ICSOE<\/strong> (Informativa de Contratos de Servicios u Obras Especializados) y <strong>SISUB<\/strong> (Sistema de Informaci\u00f3n de Subcontrataci\u00f3n).<\/p>\n<p style=\"text-align: justify;\">Respecto al servicio del <strong>SIROC<\/strong> (Servicio Integral de Registro de Obras de Construcci\u00f3n) est\u00e1 enfocado a las empresas que apoyan a las constructoras para terminar sus obras<\/p>\n<p>[\/et_pb_text][\/et_pb_column][et_pb_column type=\u00bb1_2&#8243; _builder_version=\u00bb4.16&#8243; _module_preset=\u00bbdefault\u00bb global_colors_info=\u00bb{}\u00bb][et_pb_image src=\u00bbhttps:\/\/avilavera.com\/wp-content\/uploads\/2025\/10\/Repse-y-Sircoc-scaled.jpg\u00bb title_text=\u00bbRepse y Sircoc\u00bb _builder_version=\u00bb4.27.4&#8243; _module_preset=\u00bbdefault\u00bb box_shadow_style=\u00bbpreset2&#8243; box_shadow_horizontal=\u00bb0px\u00bb box_shadow_vertical=\u00bb60px\u00bb box_shadow_blur=\u00bb60px\u00bb box_shadow_color=\u00bbrgba(0,0,0,0.15)\u00bb global_colors_info=\u00bb{}\u00bb][\/et_pb_image][\/et_pb_column][\/et_pb_row][\/et_pb_section][et_pb_section fb_built=\u00bb1&#8243; _builder_version=\u00bb4.20.0&#8243; _module_preset=\u00bbdefault\u00bb use_background_color_gradient=\u00bbon\u00bb background_color_gradient_direction=\u00bb90deg\u00bb background_color_gradient_stops=\u00bb#13476c 8%|rgba(216,216,216,0) 8%\u00bb background_last_edited=\u00bbon|tablet\u00bb use_background_color_gradient_tablet=\u00bbon\u00bb background_color_gradient_stops_tablet=\u00bb#13476c 5%|rgba(216,216,216,0) 5%\u00bb collapsed=\u00bbon\u00bb global_colors_info=\u00bb{}\u00bb][et_pb_row _builder_version=\u00bb4.20.0&#8243; _module_preset=\u00bbdefault\u00bb global_colors_info=\u00bb{}\u00bb][et_pb_column type=\u00bb4_4&#8243; _builder_version=\u00bb4.20.0&#8243; _module_preset=\u00bbdefault\u00bb global_colors_info=\u00bb{}\u00bb][et_pb_text _builder_version=\u00bb4.20.0&#8243; _module_preset=\u00bbdefault\u00bb header_font=\u00bbOutfit|600|||||||\u00bb header_text_color=\u00bb#000000&#8243; header_font_size=\u00bb72px\u00bb header_line_height=\u00bb1.1em\u00bb header_2_font=\u00bbOutfit|600|||||||\u00bb header_2_font_size=\u00bb40px\u00bb header_font_size_tablet=\u00bb40px\u00bb header_font_size_phone=\u00bb24px\u00bb header_font_size_last_edited=\u00bbon|phone\u00bb global_colors_info=\u00bb{}\u00bb]<\/p>\n<h2>Esto es en lo que podemos ayudarte<\/h2>\n<p>[\/et_pb_text][\/et_pb_column][\/et_pb_row][et_pb_row column_structure=\u00bb1_2,1_2&#8243; _builder_version=\u00bb4.20.0&#8243; _module_preset=\u00bbdefault\u00bb global_colors_info=\u00bb{}\u00bb][et_pb_column type=\u00bb1_2&#8243; _builder_version=\u00bb4.20.0&#8243; _module_preset=\u00bbdefault\u00bb global_colors_info=\u00bb{}\u00bb][et_pb_accordion _builder_version=\u00bb4.27.4&#8243; _module_preset=\u00bbdefault\u00bb global_colors_info=\u00bb{}\u00bb][et_pb_accordion_item title=\u00bbREPSE\u00bb open=\u00bbon\u00bb open_toggle_text_color=\u00bb#123A57&#8243; toggle_icon=\u00bb&#x33;||divi||400&#8243; use_icon_font_size=\u00bbon\u00bb icon_font_size=\u00bb20px\u00bb _builder_version=\u00bb4.27.4&#8243; _module_preset=\u00bbdefault\u00bb custom_css_before=\u00bbcontent:\u00bb;||background-image:url(%22https:\/\/avilavera.com\/wp-content\/uploads\/2023\/03\/007-flechas.png%22);||display: flex;||margin: auto;||height: 80px;||width: 80px;||left: 0;||background-size: 80px 80px;||position: relative;||\u00bb custom_css_toggle_title=\u00bb||margin-left: 40px;\u00bb custom_css_toggle_icon=\u00bbdisplay:none;\u00bb global_colors_info=\u00bb{}\u00bb toggle_font=\u00bbOutfit||||||||\u00bb toggle_text_align=\u00bbcenter\u00bb toggle_font_size=\u00bb26px\u00bb toggle_line_height=\u00bb1.8em\u00bb]<\/p>\n<p style=\"text-align: justify;\"><strong>REPSE<\/strong> (Registro de Prestadores de Servicios Especializados u Obras Especializadas), en la cual elaboramos las declaraciones cuatrimestrales informativas y se divide en dos:<\/p>\n<p style=\"text-align: justify;\"><strong>ICSOE<\/strong> (Informativa de Contratos de Servicios u Obras Especializados) esta informaci\u00f3n se presenta en el portal del <strong>IMSS<\/strong>.<\/p>\n<p style=\"text-align: justify;\"><strong>SISUB<\/strong> (Sistema de Informaci\u00f3n de Subcontrataci\u00f3n) se presenta en el portal del <strong>INFONAVIT<\/strong>.<\/p>\n<p>[\/et_pb_accordion_item][\/et_pb_accordion][\/et_pb_column][et_pb_column type=\u00bb1_2&#8243; _builder_version=\u00bb4.20.0&#8243; _module_preset=\u00bbdefault\u00bb global_colors_info=\u00bb{}\u00bb][et_pb_accordion _builder_version=\u00bb4.27.4&#8243; _module_preset=\u00bbdefault\u00bb global_colors_info=\u00bb{}\u00bb][et_pb_accordion_item title=\u00bbSIROC\u00bb open=\u00bbon\u00bb open_toggle_text_color=\u00bb#123A57&#8243; toggle_icon=\u00bb&#x33;||divi||400&#8243; use_icon_font_size=\u00bbon\u00bb icon_font_size=\u00bb20px\u00bb _builder_version=\u00bb4.27.4&#8243; _module_preset=\u00bbdefault\u00bb custom_css_before=\u00bbcontent:\u00bb;||background-image:url(%22https:\/\/avilavera.com\/wp-content\/uploads\/2023\/03\/006-soborno.png%22);||display: flex;||margin: auto;||height: 80px;||width: 80px;||left: 0;||background-size: 80px 80px;||position: relative;||\u00bb custom_css_toggle_title=\u00bb||margin-left: 40px;\u00bb custom_css_toggle_icon=\u00bbdisplay:none;\u00bb global_colors_info=\u00bb{}\u00bb toggle_font=\u00bbOutfit||||||||\u00bb toggle_text_align=\u00bbcenter\u00bb toggle_font_size=\u00bb26px\u00bb toggle_line_height=\u00bb1.8em\u00bb]<\/p>\n<p style=\"text-align: justify;\"><strong>SIROC<\/strong> (Servicio Integral de Registro de Obras de Construcci\u00f3n) esta informaci\u00f3n va dentro del programa SUA (Sistema \u00danico de Autoderminaci\u00f3n) y cada trabajo se detalla por d\u00edas trabajados en las obras registradas, cuando con el archivo <strong>SUA<\/strong> se genera el <strong>SIPARE <\/strong>(Sistema de Pago Referenciado) ya viene dicha informaci\u00f3n, tambi\u00e9n esta informaci\u00f3n se puede consultar en la <strong>EMA<\/strong> (Emisi\u00f3n Mensual Anticipada) que se genera del programa SUA<\/p>\n<p>[\/et_pb_accordion_item][\/et_pb_accordion][\/et_pb_column][\/et_pb_row][\/et_pb_section]<\/p>\n","protected":false},"excerpt":{"rendered":"<p>REPSE y SIROCNuestro servicio de REPSE (Registro de Prestadores de Servicios Especializados u Obras Especializadas) est\u00e1 enfocado en empresas que son subcontratadas para obra o servicio especializado, y la presentaci\u00f3n de las declaraciones informativas como son el ICSOE (Informativa de Contratos de Servicios u Obras Especializados) y SISUB (Sistema de Informaci\u00f3n de Subcontrataci\u00f3n). Respecto al [&hellip;]<\/p>\n","protected":false},"author":1,"featured_media":0,"parent":0,"menu_order":0,"comment_status":"closed","ping_status":"closed","template":"","meta":{"_et_pb_use_builder":"on","_et_pb_old_content":"","_et_gb_content_width":"","footnotes":""},"class_list":["post-1153","page","type-page","status-publish","hentry"],"aioseo_notices":[],"jetpack_sharing_enabled":true,"jetpack_likes_enabled":false,"_links":{"self":[{"href":"https:\/\/avilavera.com\/index.php\/wp-json\/wp\/v2\/pages\/1153","targetHints":{"allow":["GET"]}}],"collection":[{"href":"https:\/\/avilavera.com\/index.php\/wp-json\/wp\/v2\/pages"}],"about":[{"href":"https:\/\/avilavera.com\/index.php\/wp-json\/wp\/v2\/types\/page"}],"author":[{"embeddable":true,"href":"https:\/\/avilavera.com\/index.php\/wp-json\/wp\/v2\/users\/1"}],"replies":[{"embeddable":true,"href":"https:\/\/avilavera.com\/index.php\/wp-json\/wp\/v2\/comments?post=1153"}],"version-history":[{"count":11,"href":"https:\/\/avilavera.com\/index.php\/wp-json\/wp\/v2\/pages\/1153\/revisions"}],"predecessor-version":[{"id":1191,"href":"https:\/\/avilavera.com\/index.php\/wp-json\/wp\/v2\/pages\/1153\/revisions\/1191"}],"wp:attachment":[{"href":"https:\/\/avilavera.com\/index.php\/wp-json\/wp\/v2\/media?parent=1153"}],"curies":[{"name":"wp","href":"https:\/\/api.w.org\/{rel}","templated":true}]}}