{"id":102,"date":"2023-03-12T22:19:40","date_gmt":"2023-03-13T04:19:40","guid":{"rendered":"https:\/\/avilavera.com\/?page_id=102"},"modified":"2025-08-02T22:52:39","modified_gmt":"2025-08-03T04:52:39","slug":"recursos-humanos","status":"publish","type":"page","link":"https:\/\/avilavera.com\/index.php\/recursos-humanos\/","title":{"rendered":"Recursos Humanos"},"content":{"rendered":"<p>[et_pb_section fb_built=\u00bb1&#8243; admin_label=\u00bbHeader\u00bb _builder_version=\u00bb4.20.0&#8243; _module_preset=\u00bbdefault\u00bb use_background_color_gradient=\u00bbon\u00bb background_color_gradient_direction=\u00bb90deg\u00bb background_color_gradient_stops=\u00bb#ffffff 60%|#123a57 60%\u00bb background_color_gradient_start=\u00bb#ffffff\u00bb background_color_gradient_start_position=\u00bb60%\u00bb background_color_gradient_end=\u00bb#4c594c\u00bb background_color_gradient_end_position=\u00bb60%\u00bb background_last_edited=\u00bbon|tablet\u00bb use_background_color_gradient_tablet=\u00bbon\u00bb background_color_gradient_stops_tablet=\u00bb#ffffff 93%|#123a57 93%\u00bb background_color_gradient_start_position_tablet=\u00bb95%\u00bb background_color_gradient_end_position_tablet=\u00bb95%\u00bb collapsed=\u00bbon\u00bb global_colors_info=\u00bb{}\u00bb][et_pb_row column_structure=\u00bb1_2,1_2&#8243; _builder_version=\u00bb4.16&#8243; _module_preset=\u00bbdefault\u00bb custom_padding=\u00bb||0px|||\u00bb global_colors_info=\u00bb{}\u00bb][et_pb_column type=\u00bb1_2&#8243; _builder_version=\u00bb4.16&#8243; _module_preset=\u00bbdefault\u00bb global_colors_info=\u00bb{}\u00bb][et_pb_text _builder_version=\u00bb4.20.0&#8243; _module_preset=\u00bbe598b17a-9229-42f6-b238-019d6094332e\u00bb header_font=\u00bbOutfit|600|||||||\u00bb header_text_color=\u00bb#000000&#8243; header_font_size=\u00bb72px\u00bb header_line_height=\u00bb1.1em\u00bb custom_margin=\u00bb||0px||false|false\u00bb header_font_size_tablet=\u00bb40px\u00bb header_font_size_phone=\u00bb50px\u00bb header_font_size_last_edited=\u00bbon|phone\u00bb locked=\u00bboff\u00bb global_colors_info=\u00bb{}\u00bb]<\/p>\n<h1>Recursos Humanos<\/h1>\n<p>[\/et_pb_text][\/et_pb_column][et_pb_column type=\u00bb1_2&#8243; _builder_version=\u00bb4.16&#8243; _module_preset=\u00bbdefault\u00bb global_colors_info=\u00bb{}\u00bb][\/et_pb_column][\/et_pb_row][et_pb_row column_structure=\u00bb1_2,1_2&#8243; _builder_version=\u00bb4.16&#8243; _module_preset=\u00bbdefault\u00bb custom_padding=\u00bb0px|||||\u00bb global_colors_info=\u00bb{}\u00bb][et_pb_column type=\u00bb1_2&#8243; _builder_version=\u00bb4.16&#8243; _module_preset=\u00bbdefault\u00bb global_colors_info=\u00bb{}\u00bb][et_pb_text _builder_version=\u00bb4.27.4&#8243; _module_preset=\u00bbbc6cae60-9fd0-48b3-a032-f2876734c2dd\u00bb text_font=\u00bb||||||||\u00bb text_font_size=\u00bb18px\u00bb text_line_height=\u00bb1.8em\u00bb text_font_size_tablet=\u00bb16px\u00bb text_font_size_phone=\u00bb14px\u00bb text_font_size_last_edited=\u00bbon|phone\u00bb locked=\u00bboff\u00bb global_colors_info=\u00bb{}\u00bb]<\/p>\n<p style=\"text-align: justify;\"><span>Te podemos apoyar con la elaboraci\u00f3n de contratos, llevar \u00fanicamente la n\u00f3mina de tu empresa (altas, bajas, modalidad de salarios, confrontas y timbrado de n\u00f3minas; as\u00ed mismo asesoramos a los contribuyentes sobre la materia.<\/span><\/p>\n<p>[\/et_pb_text][\/et_pb_column][et_pb_column type=\u00bb1_2&#8243; _builder_version=\u00bb4.16&#8243; _module_preset=\u00bbdefault\u00bb global_colors_info=\u00bb{}\u00bb][et_pb_image src=\u00bbhttps:\/\/avilavera.com\/wp-content\/uploads\/2023\/03\/recursos_humanos.jpg\u00bb title_text=\u00bbrecursos_humanos\u00bb _builder_version=\u00bb4.20.0&#8243; _module_preset=\u00bbdefault\u00bb box_shadow_style=\u00bbpreset2&#8243; box_shadow_horizontal=\u00bb0px\u00bb box_shadow_vertical=\u00bb60px\u00bb box_shadow_blur=\u00bb60px\u00bb box_shadow_color=\u00bbrgba(0,0,0,0.15)\u00bb global_colors_info=\u00bb{}\u00bb][\/et_pb_image][\/et_pb_column][\/et_pb_row][\/et_pb_section][et_pb_section fb_built=\u00bb1&#8243; _builder_version=\u00bb4.20.0&#8243; _module_preset=\u00bbdefault\u00bb use_background_color_gradient=\u00bbon\u00bb background_color_gradient_direction=\u00bb90deg\u00bb background_color_gradient_stops=\u00bb#13476c 8%|rgba(216,216,216,0) 8%\u00bb background_last_edited=\u00bbon|tablet\u00bb use_background_color_gradient_tablet=\u00bbon\u00bb background_color_gradient_stops_tablet=\u00bb#13476c 5%|rgba(216,216,216,0) 5%\u00bb collapsed=\u00bbon\u00bb global_colors_info=\u00bb{}\u00bb][et_pb_row _builder_version=\u00bb4.20.0&#8243; _module_preset=\u00bbdefault\u00bb global_colors_info=\u00bb{}\u00bb][et_pb_column type=\u00bb4_4&#8243; _builder_version=\u00bb4.20.0&#8243; _module_preset=\u00bbdefault\u00bb global_colors_info=\u00bb{}\u00bb][et_pb_text _builder_version=\u00bb4.20.0&#8243; _module_preset=\u00bbdefault\u00bb header_font=\u00bbOutfit|600|||||||\u00bb header_text_color=\u00bb#000000&#8243; header_font_size=\u00bb72px\u00bb header_line_height=\u00bb1.1em\u00bb header_2_font=\u00bbOutfit|600|||||||\u00bb header_2_font_size=\u00bb40px\u00bb header_font_size_tablet=\u00bb40px\u00bb header_font_size_phone=\u00bb24px\u00bb header_font_size_last_edited=\u00bbon|phone\u00bb global_colors_info=\u00bb{}\u00bb]<\/p>\n<h2>Esto es en lo que podemos ayudarte<\/h2>\n<p>[\/et_pb_text][\/et_pb_column][\/et_pb_row][et_pb_row column_structure=\u00bb1_2,1_2&#8243; _builder_version=\u00bb4.20.0&#8243; _module_preset=\u00bbdefault\u00bb global_colors_info=\u00bb{}\u00bb][et_pb_column type=\u00bb1_2&#8243; _builder_version=\u00bb4.20.0&#8243; _module_preset=\u00bbdefault\u00bb global_colors_info=\u00bb{}\u00bb][et_pb_accordion _builder_version=\u00bb4.27.4&#8243; _module_preset=\u00bbdefault\u00bb hover_enabled=\u00bb0&#8243; global_colors_info=\u00bb{}\u00bb sticky_enabled=\u00bb0&#8243;][et_pb_accordion_item title=\u00bbTimbrado\u00bb open=\u00bbon\u00bb open_toggle_text_color=\u00bb#123A57&#8243; toggle_icon=\u00bb&#x33;||divi||400&#8243; use_icon_font_size=\u00bbon\u00bb icon_font_size=\u00bb20px\u00bb _builder_version=\u00bb4.27.4&#8243; _module_preset=\u00bbdefault\u00bb hover_enabled=\u00bb0&#8243; custom_css_before=\u00bbcontent:\u00bb;||background-image:url(%22https:\/\/avilavera.com\/wp-content\/uploads\/2023\/03\/001-aprobar.png%22);||display: flex;||margin: auto;||height: 80px;||width: 80px;||left: 0;||background-size: 80px 80px;||position: relative;||\u00bb custom_css_toggle_title=\u00bb||margin-left: 40px;\u00bb custom_css_toggle_icon=\u00bbdisplay:none;\u00bb global_colors_info=\u00bb{}\u00bb toggle_font=\u00bbOutfit||||||||\u00bb toggle_text_align=\u00bbcenter\u00bb toggle_font_size=\u00bb26px\u00bb toggle_line_height=\u00bb1.8em\u00bb sticky_enabled=\u00bb0&#8243;]<\/p>\n<p style=\"text-align: justify;\"><span>Una vez que todo esta verificado por el cliente (la lista de raya) se procede a timbrar la n\u00f3mina<\/span><\/p>\n<p>[\/et_pb_accordion_item][et_pb_accordion_item title=\u00bbConfrontas\u00bb open_toggle_text_color=\u00bb#123A57&#8243; toggle_icon=\u00bb&#x33;||divi||400&#8243; use_icon_font_size=\u00bbon\u00bb icon_font_size=\u00bb20px\u00bb _builder_version=\u00bb4.27.4&#8243; _module_preset=\u00bbdefault\u00bb hover_enabled=\u00bb0&#8243; custom_css_before=\u00bbcontent:\u00bb;||background-image:url(%22https:\/\/avilavera.com\/wp-content\/uploads\/2023\/03\/003-reunion.png%22);||display: flex;||margin: auto;||height: 80px;||width: 80px;||left: 0;||background-size: 80px 80px;||position: relative;||\u00bb custom_css_toggle_title=\u00bb||margin-left: 40px;\u00bb custom_css_toggle_icon=\u00bbdisplay:none;\u00bb global_colors_info=\u00bb{}\u00bb toggle_font=\u00bbOutfit||||||||\u00bb toggle_text_align=\u00bbcenter\u00bb toggle_font_size=\u00bb26px\u00bb toggle_line_height=\u00bb1.8em\u00bb open=\u00bboff\u00bb sticky_enabled=\u00bb0&#8243;]<\/p>\n<p style=\"text-align: justify;\"><span>En el programa SUA se calculan las cuotas obrero patronales y las del INFONAVIT y se comparan contra la informaci\u00f3n que tiene el IMSS.<\/span><\/p>\n<p>[\/et_pb_accordion_item][et_pb_accordion_item title=\u00bbContratos\u00bb open_toggle_text_color=\u00bb#123A57&#8243; toggle_icon=\u00bb&#x33;||divi||400&#8243; use_icon_font_size=\u00bbon\u00bb icon_font_size=\u00bb20px\u00bb _builder_version=\u00bb4.27.4&#8243; _module_preset=\u00bbdefault\u00bb hover_enabled=\u00bb0&#8243; custom_css_before=\u00bbcontent:\u00bb;||background-image:url(%22https:\/\/avilavera.com\/wp-content\/uploads\/2023\/03\/005-escoger.png%22);||display: flex;||margin: auto;||height: 80px;||width: 80px;||left: 0;||background-size: 80px 80px;||position: relative;||\u00bb custom_css_toggle_title=\u00bb||margin-left: 40px;\u00bb custom_css_toggle_icon=\u00bbdisplay:none;\u00bb global_colors_info=\u00bb{}\u00bb toggle_font=\u00bbOutfit||||||||\u00bb toggle_text_align=\u00bbcenter\u00bb toggle_font_size=\u00bb26px\u00bb toggle_line_height=\u00bb1.8em\u00bb open=\u00bboff\u00bb sticky_enabled=\u00bb0&#8243;]<\/p>\n<p style=\"text-align: justify;\"><span>Se elaboran contratos conforme al articulo .25 LFT, articulo 9 del reglamento de la ley del IMSS y 25 de la ley del Seguro Social.<\/span><\/p>\n<p>[\/et_pb_accordion_item][\/et_pb_accordion][\/et_pb_column][et_pb_column type=\u00bb1_2&#8243; _builder_version=\u00bb4.20.0&#8243; _module_preset=\u00bbdefault\u00bb global_colors_info=\u00bb{}\u00bb][et_pb_accordion _builder_version=\u00bb4.27.4&#8243; _module_preset=\u00bbdefault\u00bb hover_enabled=\u00bb0&#8243; global_colors_info=\u00bb{}\u00bb sticky_enabled=\u00bb0&#8243;][et_pb_accordion_item title=\u00bbC\u00e1lculo de n\u00f3mina\u00bb open=\u00bbon\u00bb open_toggle_text_color=\u00bb#123A57&#8243; toggle_icon=\u00bb&#x33;||divi||400&#8243; use_icon_font_size=\u00bbon\u00bb icon_font_size=\u00bb20px\u00bb _builder_version=\u00bb4.27.4&#8243; _module_preset=\u00bbdefault\u00bb hover_enabled=\u00bb0&#8243; custom_css_before=\u00bbcontent:\u00bb;||background-image:url(%22https:\/\/avilavera.com\/wp-content\/uploads\/2023\/03\/002-contratado.png%22);||display: flex;||margin: auto;||height: 80px;||width: 80px;||left: 0;||background-size: 80px 80px;||position: relative;||\u00bb custom_css_toggle_title=\u00bb||margin-left: 40px;\u00bb custom_css_toggle_icon=\u00bbdisplay:none;\u00bb global_colors_info=\u00bb{}\u00bb toggle_font=\u00bbOutfit||||||||\u00bb toggle_text_align=\u00bbcenter\u00bb toggle_font_size=\u00bb26px\u00bb toggle_line_height=\u00bb1.8em\u00bb sticky_enabled=\u00bb0&#8243;]<\/p>\n<p style=\"text-align: justify;\"><span>Capturamos todos los movimientos que fueron aceptados en el IDSE y se captura en el programa de n\u00f3mina para obtener nuestra lista de raya.<\/span><\/p>\n<p>[\/et_pb_accordion_item][et_pb_accordion_item title=\u00bbAltas, bajas, modalidad de salarios\u00bb open_toggle_text_color=\u00bb#123A57&#8243; toggle_icon=\u00bb&#x33;||divi||400&#8243; use_icon_font_size=\u00bbon\u00bb icon_font_size=\u00bb20px\u00bb _builder_version=\u00bb4.27.4&#8243; _module_preset=\u00bbdefault\u00bb hover_enabled=\u00bb0&#8243; custom_css_before=\u00bbcontent:\u00bb;||background-image:url(%22https:\/\/avilavera.com\/wp-content\/uploads\/2023\/03\/004-configuracion.png%22);||display: flex;||margin: auto;||height: 80px;||width: 80px;||left: 0;||background-size: 80px 80px;||position: relative;||\u00bb custom_css_toggle_title=\u00bb||margin-left: 40px;\u00bb custom_css_toggle_icon=\u00bbdisplay:none;\u00bb global_colors_info=\u00bb{}\u00bb toggle_font=\u00bbOutfit||||||||\u00bb toggle_text_align=\u00bbcenter\u00bb toggle_font_size=\u00bb26px\u00bb toggle_line_height=\u00bb1.8em\u00bb open=\u00bboff\u00bb sticky_enabled=\u00bb0&#8243;]<\/p>\n<p style=\"text-align: justify;\"><span>Se calcula con base en el salario que recibe el trabajador, el factor de integraci\u00f3n y se captura manualmente o se utiliza una carga batch si son muchos trabajadores los movimientos ante el IMSS.<\/span><\/p>\n<p>[\/et_pb_accordion_item][\/et_pb_accordion][\/et_pb_column][\/et_pb_row][\/et_pb_section]<\/p>\n","protected":false},"excerpt":{"rendered":"<p>Recursos HumanosTe podemos apoyar con la elaboraci\u00f3n de contratos, llevar \u00fanicamente la n\u00f3mina de tu empresa (altas, bajas, modalidad de salarios, confrontas y timbrado de n\u00f3minas; as\u00ed mismo asesoramos a los contribuyentes sobre la materia.Esto es en lo que podemos ayudarteUna vez que todo esta verificado por el cliente (la lista de raya) se procede [&hellip;]<\/p>\n","protected":false},"author":1,"featured_media":0,"parent":0,"menu_order":0,"comment_status":"closed","ping_status":"closed","template":"","meta":{"_et_pb_use_builder":"on","_et_pb_old_content":"","_et_gb_content_width":"","footnotes":""},"class_list":["post-102","page","type-page","status-publish","hentry"],"aioseo_notices":[],"jetpack_sharing_enabled":true,"jetpack_likes_enabled":false,"_links":{"self":[{"href":"https:\/\/avilavera.com\/index.php\/wp-json\/wp\/v2\/pages\/102","targetHints":{"allow":["GET"]}}],"collection":[{"href":"https:\/\/avilavera.com\/index.php\/wp-json\/wp\/v2\/pages"}],"about":[{"href":"https:\/\/avilavera.com\/index.php\/wp-json\/wp\/v2\/types\/page"}],"author":[{"embeddable":true,"href":"https:\/\/avilavera.com\/index.php\/wp-json\/wp\/v2\/users\/1"}],"replies":[{"embeddable":true,"href":"https:\/\/avilavera.com\/index.php\/wp-json\/wp\/v2\/comments?post=102"}],"version-history":[{"count":7,"href":"https:\/\/avilavera.com\/index.php\/wp-json\/wp\/v2\/pages\/102\/revisions"}],"predecessor-version":[{"id":1113,"href":"https:\/\/avilavera.com\/index.php\/wp-json\/wp\/v2\/pages\/102\/revisions\/1113"}],"wp:attachment":[{"href":"https:\/\/avilavera.com\/index.php\/wp-json\/wp\/v2\/media?parent=102"}],"curies":[{"name":"wp","href":"https:\/\/api.w.org\/{rel}","templated":true}]}}